{"id":26089,"date":"2023-12-06T16:19:48","date_gmt":"2023-12-06T19:19:48","guid":{"rendered":"https:\/\/novoclube.leandrok.com.br\/?page_id=26089"},"modified":"2025-06-11T16:50:09","modified_gmt":"2025-06-11T19:50:09","slug":"pedir-orcamento","status":"publish","type":"page","link":"https:\/\/clubedavoz.com.br\/eng\/pedir-orcamento\/","title":{"rendered":"Ask for budget"},"content":{"rendered":"\t\t<div data-elementor-type=\"wp-page\" data-elementor-id=\"26089\" class=\"elementor elementor-26089\" data-elementor-post-type=\"page\">\n\t\t\t\t<div class=\"elementor-element elementor-element-57f9604 e-flex e-con-boxed e-con e-parent\" data-id=\"57f9604\" data-element_type=\"container\" data-e-type=\"container\">\n\t\t\t\t\t<div class=\"e-con-inner\">\n\t\t<div class=\"elementor-element elementor-element-e5ba29b e-con-full e-flex e-con e-child\" data-id=\"e5ba29b\" data-element_type=\"container\" data-e-type=\"container\">\n\t\t\t\t<div class=\"elementor-element elementor-element-b3d0200 elementor-invisible elementor-widget elementor-widget-heading\" data-id=\"b3d0200\" data-element_type=\"widget\" data-e-type=\"widget\" id=\"seus_favoritos\" data-settings=\"{&quot;_animation&quot;:&quot;slideInLeft&quot;}\" data-widget_type=\"heading.default\">\n\t\t\t\t<div class=\"elementor-widget-container\">\n\t\t\t\t\t<h2 class=\"elementor-heading-title elementor-size-default\">revise seus favoritos<\/h2>\t\t\t\t<\/div>\n\t\t\t\t<\/div>\n\t\t\t\t<div class=\"elementor-element elementor-element-1db0fc9 elementor-widget__width-initial elementor-absolute elementor-widget elementor-widget-spacer\" data-id=\"1db0fc9\" data-element_type=\"widget\" data-e-type=\"widget\" data-settings=\"{&quot;_position&quot;:&quot;absolute&quot;}\" data-widget_type=\"spacer.default\">\n\t\t\t\t<div class=\"elementor-widget-container\">\n\t\t\t\t\t\t\t<div class=\"elementor-spacer\">\n\t\t\t<div class=\"elementor-spacer-inner\"><\/div>\n\t\t<\/div>\n\t\t\t\t\t\t<\/div>\n\t\t\t\t<\/div>\n\t\t\t\t<\/div>\n\t\t\t\t\t<\/div>\n\t\t\t\t<\/div>\n\t\t<div class=\"elementor-element elementor-element-f31ba82 e-con-full e-flex e-con e-parent\" data-id=\"f31ba82\" data-element_type=\"container\" data-e-type=\"container\">\n\t\t<div class=\"elementor-element elementor-element-1890516 e-con-full resultados limitador e-flex e-con e-child\" data-id=\"1890516\" data-element_type=\"container\" data-e-type=\"container\">\n\t\t\t\t<div class=\"elementor-element elementor-element-040f7bd orcamento_todos elementor-widget elementor-widget-shortcode\" data-id=\"040f7bd\" data-element_type=\"widget\" data-e-type=\"widget\" data-widget_type=\"shortcode.default\">\n\t\t\t\t<div class=\"elementor-widget-container\">\n\t\t\t\t\t\t\t<div class=\"elementor-shortcode\">    <p class=\"no-posts\">Voc\u00ea ainda n\u00e3o possui favoritos.<\/p>\n<\/div>\n\t\t\t\t\t\t<\/div>\n\t\t\t\t<\/div>\n\t\t\t\t<\/div>\n\t\t\t\t<\/div>\n\t\t<div class=\"elementor-element elementor-element-cc378fa e-flex e-con-boxed e-con e-parent\" data-id=\"cc378fa\" data-element_type=\"container\" data-e-type=\"container\">\n\t\t\t\t\t<div class=\"e-con-inner\">\n\t\t<div class=\"elementor-element elementor-element-3b8ae9e e-con-full e-flex e-con e-child\" data-id=\"3b8ae9e\" data-element_type=\"container\" data-e-type=\"container\">\n\t\t\t\t<div class=\"elementor-element elementor-element-1eb0f7d elementor-widget elementor-widget-heading\" data-id=\"1eb0f7d\" data-element_type=\"widget\" data-e-type=\"widget\" data-widget_type=\"heading.default\">\n\t\t\t\t<div class=\"elementor-widget-container\">\n\t\t\t\t\t<h2 class=\"elementor-heading-title elementor-size-default\">pe\u00e7a um or\u00e7amento para todos os favoritos<\/h2>\t\t\t\t<\/div>\n\t\t\t\t<\/div>\n\t\t\t\t<div class=\"elementor-element elementor-element-0c456a5 elementor-widget elementor-widget-spacer\" data-id=\"0c456a5\" data-element_type=\"widget\" data-e-type=\"widget\" data-widget_type=\"spacer.default\">\n\t\t\t\t<div class=\"elementor-widget-container\">\n\t\t\t\t\t\t\t<div class=\"elementor-spacer\">\n\t\t\t<div class=\"elementor-spacer-inner\"><\/div>\n\t\t<\/div>\n\t\t\t\t\t\t<\/div>\n\t\t\t\t<\/div>\n\t\t\t\t<div class=\"elementor-element elementor-element-b0364b4 orcamento_form elementor-button-align-start elementor-widget elementor-widget-form\" data-id=\"b0364b4\" data-element_type=\"widget\" data-e-type=\"widget\" data-settings=\"{&quot;step_next_label&quot;:&quot;Next&quot;,&quot;step_previous_label&quot;:&quot;Previous&quot;,&quot;button_width&quot;:&quot;100&quot;,&quot;step_type&quot;:&quot;number_text&quot;,&quot;step_icon_shape&quot;:&quot;circle&quot;}\" data-widget_type=\"form.default\">\n\t\t\t\t<div class=\"elementor-widget-container\">\n\t\t\t\t\t\t\t<form class=\"elementor-form\" method=\"post\" name=\"Or\u00e7amento\" aria-label=\"Or\u00e7amento\">\n\t\t\t<input type=\"hidden\" name=\"post_id\" value=\"26089\"\/>\n\t\t\t<input type=\"hidden\" name=\"form_id\" value=\"b0364b4\"\/>\n\t\t\t<input type=\"hidden\" name=\"referer_title\" value=\"\" \/>\n\n\t\t\t\n\t\t\t<div class=\"elementor-form-fields-wrapper elementor-labels-\">\n\t\t\t\t\t\t\t\t<div class=\"elementor-field-type-text elementor-field-group elementor-column elementor-field-group-name elementor-col-100 elementor-field-required\">\n\t\t\t\t\t\t\t\t\t\t\t\t<label for=\"form-field-name\" class=\"elementor-field-label elementor-screen-only\">\n\t\t\t\t\t\t\t\tNome\t\t\t\t\t\t\t<\/label>\n\t\t\t\t\t\t\t\t\t\t\t\t\t\t<input size=\"1\" type=\"text\" name=\"form_fields[name]\" id=\"form-field-name\" class=\"elementor-field elementor-size-md  elementor-field-textual\" placeholder=\"Nome Completo\" required=\"required\">\n\t\t\t\t\t\t\t\t\t\t\t<\/div>\n\t\t\t\t\t\t\t\t<div class=\"elementor-field-type-email elementor-field-group elementor-column elementor-field-group-email elementor-col-50 elementor-field-required\">\n\t\t\t\t\t\t\t\t\t\t\t\t<label for=\"form-field-email\" class=\"elementor-field-label elementor-screen-only\">\n\t\t\t\t\t\t\t\tEmail\t\t\t\t\t\t\t<\/label>\n\t\t\t\t\t\t\t\t\t\t\t\t\t\t<input size=\"1\" type=\"email\" name=\"form_fields[email]\" id=\"form-field-email\" class=\"elementor-field elementor-size-md  elementor-field-textual\" placeholder=\"Email\" required=\"required\">\n\t\t\t\t\t\t\t\t\t\t\t<\/div>\n\t\t\t\t\t\t\t\t<div class=\"elementor-field-type-tel elementor-field-group elementor-column elementor-field-group-field_0356f4f elementor-col-50 elementor-field-required\">\n\t\t\t\t\t\t\t\t\t\t\t\t<label for=\"form-field-field_0356f4f\" class=\"elementor-field-label elementor-screen-only\">\n\t\t\t\t\t\t\t\tTelefone\t\t\t\t\t\t\t<\/label>\n\t\t\t\t\t\t<input size=\"1\" type=\"tel\" name=\"form_fields[field_0356f4f]\" id=\"form-field-field_0356f4f\" class=\"elementor-field elementor-size-md  elementor-field-textual\" placeholder=\"Telefone\" required=\"required\" pattern=\"[0-9()#&amp;+*-=. ]+\" title=\"Only numbers and phone characters (#, -, *, etc) are accepted.\">\t\t\t\t<\/div>\n\t\t\t\t\t\t\t\t<div class=\"elementor-field-type-html elementor-field-group elementor-column elementor-field-group-field_ee1c84a elementor-col-20\">\n\t\t\t\t\tVoc\u00ea \u00e9:\t\t\t\t<\/div>\n\t\t\t\t\t\t\t\t<div class=\"elementor-field-type-radio elementor-field-group elementor-column elementor-field-group-field_6e4ea79 elementor-col-80 elementor-field-required\">\n\t\t\t\t\t\t\t\t\t\t\t\t<label for=\"form-field-field_6e4ea79\" class=\"elementor-field-label elementor-screen-only\">\n\t\t\t\t\t\t\t\tVoc\u00ea \u00e9:\t\t\t\t\t\t\t<\/label>\n\t\t\t\t\t\t<div class=\"elementor-field-subgroup  elementor-subgroup-inline\"><span class=\"elementor-field-option\"><input type=\"radio\" value=\"cliente\" id=\"form-field-field_6e4ea79-0\" name=\"form_fields[field_6e4ea79]\" required=\"required\"> <label for=\"form-field-field_6e4ea79-0\">cliente<\/label><\/span><span class=\"elementor-field-option\"><input type=\"radio\" value=\"produtora\" id=\"form-field-field_6e4ea79-1\" name=\"form_fields[field_6e4ea79]\" required=\"required\"> <label for=\"form-field-field_6e4ea79-1\">produtora<\/label><\/span><span class=\"elementor-field-option\"><input type=\"radio\" value=\"ag\u00eancia\" id=\"form-field-field_6e4ea79-2\" name=\"form_fields[field_6e4ea79]\" required=\"required\"> <label for=\"form-field-field_6e4ea79-2\">ag\u00eancia<\/label><\/span><\/div>\t\t\t\t<\/div>\n\t\t\t\t\t\t\t\t<div class=\"elementor-field-type-textarea elementor-field-group elementor-column elementor-field-group-message elementor-col-100 elementor-field-required\">\n\t\t\t\t\t\t\t\t\t\t\t\t<label for=\"form-field-message\" class=\"elementor-field-label elementor-screen-only\">\n\t\t\t\t\t\t\t\tMessage\t\t\t\t\t\t\t<\/label>\n\t\t\t\t\t\t<textarea class=\"elementor-field-textual elementor-field  elementor-size-md\" name=\"form_fields[message]\" id=\"form-field-message\" rows=\"6\" placeholder=\"Fale sobre o seu projeto (quantidade e dura\u00e7\u00e3o das pe\u00e7as \/ veicula\u00e7\u00e3o: m\u00eddia, prazo e regi\u00e3o)\" required=\"required\"><\/textarea>\t\t\t\t<\/div>\n\t\t\t\t\t\t\t\t<div class=\"elementor-field-type-hidden elementor-field-group elementor-column elementor-field-group-field_c33aae3 elementor-col-100\">\n\t\t\t\t\t\t\t\t\t\t\t\t\t<input size=\"1\" type=\"hidden\" name=\"form_fields[field_c33aae3]\" id=\"form-field-field_c33aae3\" class=\"elementor-field elementor-size-md  elementor-field-textual\">\n\t\t\t\t\t\t\t\t\t\t\t<\/div>\n\t\t\t\t\t\t\t\t<div class=\"elementor-field-type-recaptcha_v3 elementor-field-group elementor-column elementor-field-group-field_04220d3 elementor-col-100 recaptcha_v3-bottomright\">\n\t\t\t\t\t<div class=\"elementor-field\" id=\"form-field-field_04220d3\"><div class=\"elementor-g-recaptcha\" data-sitekey=\"6Lce0swnAAAAAKx0HWBWC3DAoo8cpcezsT8SfBFh\" data-type=\"v3\" data-action=\"Form\" data-badge=\"bottomright\" data-size=\"invisible\"><\/div><\/div>\t\t\t\t<\/div>\n\t\t\t\t\t\t\t\t<div class=\"elementor-field-group elementor-column elementor-field-type-submit elementor-col-100 e-form__buttons\">\n\t\t\t\t\t<button class=\"elementor-button elementor-size-sm\" type=\"submit\" id=\"orcamento-favoritos\">\n\t\t\t\t\t\t<span class=\"elementor-button-content-wrapper\">\n\t\t\t\t\t\t\t\t\t\t\t\t\t\t\t\t\t\t\t\t\t\t<span class=\"elementor-button-text\">Enviar<\/span>\n\t\t\t\t\t\t\t\t\t\t\t\t\t<\/span>\n\t\t\t\t\t<\/button>\n\t\t\t\t<\/div>\n\t\t\t<\/div>\n\t\t<\/form>\n\t\t\t\t\t\t<\/div>\n\t\t\t\t<\/div>\n\t\t\t\t<\/div>\n\t\t\t\t\t<\/div>\n\t\t\t\t<\/div>\n\t\t\t\t<\/div>\n\t\t","protected":false},"excerpt":{"rendered":"<p>review your favorites request a quote for all favorites<\/p>","protected":false},"author":171,"featured_media":0,"parent":0,"menu_order":0,"comment_status":"closed","ping_status":"closed","template":"elementor_header_footer","meta":{"_acf_changed":false,"inline_featured_image":false,"footnotes":""},"class_list":["post-26089","page","type-page","status-publish","hentry"],"acf":[],"aioseo_notices":[{"message":"O permalink deste post acabou de mudar! Isso pode resultar em erros 404 para os visitantes do site.","status":"warning","options":{"id":"9bfc1883532a3f7e91cb21198f4d259f","isDismissible":true,"actions":[{"url":"https:\/\/clubedavoz.com.br\/wp-admin\/admin.php?page=aioseo-redirects","label":"Adicionar redirecionamento para melhorar o SEO","class":"aioseo-redirects-slug-changed"}]},"allowedContexts":["posts"]}],"_links":{"self":[{"href":"https:\/\/clubedavoz.com.br\/eng\/wp-json\/wp\/v2\/pages\/26089","targetHints":{"allow":["GET"]}}],"collection":[{"href":"https:\/\/clubedavoz.com.br\/eng\/wp-json\/wp\/v2\/pages"}],"about":[{"href":"https:\/\/clubedavoz.com.br\/eng\/wp-json\/wp\/v2\/types\/page"}],"author":[{"embeddable":true,"href":"https:\/\/clubedavoz.com.br\/eng\/wp-json\/wp\/v2\/users\/171"}],"replies":[{"embeddable":true,"href":"https:\/\/clubedavoz.com.br\/eng\/wp-json\/wp\/v2\/comments?post=26089"}],"version-history":[{"count":0,"href":"https:\/\/clubedavoz.com.br\/eng\/wp-json\/wp\/v2\/pages\/26089\/revisions"}],"wp:attachment":[{"href":"https:\/\/clubedavoz.com.br\/eng\/wp-json\/wp\/v2\/media?parent=26089"}],"curies":[{"name":"wp","href":"https:\/\/api.w.org\/{rel}","templated":true}]}}